{"id":17,"date":"2025-10-07T19:02:08","date_gmt":"2025-10-07T19:02:08","guid":{"rendered":"https:\/\/losamoelle.info\/?page_id=17"},"modified":"2025-10-07T19:03:50","modified_gmt":"2025-10-07T19:03:50","slug":"17-2","status":"publish","type":"page","link":"https:\/\/losamoelle.info\/","title":{"rendered":"Accueil"},"content":{"rendered":"<div class=\"et_pb_section_1 et_pb_section et_section_regular et_flex_section\">\n<div class=\"et_pb_row_1 et_pb_row et_flex_row\">\n<div class=\"et_pb_column_1 et_pb_column et-last-child et_flex_column_24_24 et_flex_column et_pb_css_mix_blend_mode_passthrough\">\n<div class=\"et_pb_text_2 et_pb_text et_pb_bg_layout_light et_pb_module\"><div class=\"et_pb_text_inner\"><p style=\"text-align: center;\">Le nouvel os a moelle<\/p>\n<\/div><\/div>\n\n<div class=\"et_pb_icon_1 et_pb_icon et_pb_module\"><span class=\"et_pb_icon_wrap\"><span class=\"et-pb-icon\">\uf5d7<\/span><\/span><\/div>\n\n<div class=\"et_pb_text_3 et_pb_text et_pb_bg_layout_light et_pb_module\"><div class=\"et_pb_text_inner\"><p style=\"text-align: center;\">Organe officiel de celles et ceux qui se sentent d\u00e9pass\u00e9.es par l&#8217;actualit\u00e9<\/p>\n<\/div><\/div>\n<\/div>\n<\/div>\n<\/div>","protected":false},"excerpt":{"rendered":"","protected":false},"author":2,"featured_media":0,"parent":0,"menu_order":0,"comment_status":"closed","ping_status":"closed","template":"","meta":{"footnotes":""},"class_list":["post-17","page","type-page","status-publish","hentry"],"_links":{"self":[{"href":"https:\/\/losamoelle.info\/index.php\/wp-json\/wp\/v2\/pages\/17","targetHints":{"allow":["GET"]}}],"collection":[{"href":"https:\/\/losamoelle.info\/index.php\/wp-json\/wp\/v2\/pages"}],"about":[{"href":"https:\/\/losamoelle.info\/index.php\/wp-json\/wp\/v2\/types\/page"}],"author":[{"embeddable":true,"href":"https:\/\/losamoelle.info\/index.php\/wp-json\/wp\/v2\/users\/2"}],"replies":[{"embeddable":true,"href":"https:\/\/losamoelle.info\/index.php\/wp-json\/wp\/v2\/comments?post=17"}],"version-history":[{"count":4,"href":"https:\/\/losamoelle.info\/index.php\/wp-json\/wp\/v2\/pages\/17\/revisions"}],"predecessor-version":[{"id":21,"href":"https:\/\/losamoelle.info\/index.php\/wp-json\/wp\/v2\/pages\/17\/revisions\/21"}],"wp:attachment":[{"href":"https:\/\/losamoelle.info\/index.php\/wp-json\/wp\/v2\/media?parent=17"}],"curies":[{"name":"wp","href":"https:\/\/api.w.org\/{rel}","templated":true}]}}